{"id":32,"date":"2020-09-24T12:33:37","date_gmt":"2020-09-24T12:33:37","guid":{"rendered":"https:\/\/atyoucation.com\/?page_id=32"},"modified":"2022-09-15T19:44:34","modified_gmt":"2022-09-15T19:44:34","slug":"ueber","status":"publish","type":"page","link":"https:\/\/atyoucation.com\/?page_id=32","title":{"rendered":"\u00dcber mich"},"content":{"rendered":"\n<div class=\"wp-block-group\"><div class=\"wp-block-group__inner-container is-layout-flow wp-block-group-is-layout-flow\">\n<div class=\"wp-block-media-text alignwide is-stacked-on-mobile\" style=\"grid-template-columns:24% auto\"><figure class=\"wp-block-media-text__media\"><img loading=\"lazy\" decoding=\"async\" width=\"683\" height=\"1024\" src=\"https:\/\/atyoucation.com\/wp-content\/uploads\/2020\/09\/UM__1033-683x1024.jpg\" alt=\"\" class=\"wp-image-168 size-full\" srcset=\"https:\/\/atyoucation.com\/wp-content\/uploads\/2020\/09\/UM__1033-683x1024.jpg 683w, https:\/\/atyoucation.com\/wp-content\/uploads\/2020\/09\/UM__1033-200x300.jpg 200w, https:\/\/atyoucation.com\/wp-content\/uploads\/2020\/09\/UM__1033-768x1152.jpg 768w, https:\/\/atyoucation.com\/wp-content\/uploads\/2020\/09\/UM__1033-1024x1536.jpg 1024w, https:\/\/atyoucation.com\/wp-content\/uploads\/2020\/09\/UM__1033-1365x2048.jpg 1365w, https:\/\/atyoucation.com\/wp-content\/uploads\/2020\/09\/UM__1033-scaled.jpg 1707w\" sizes=\"(max-width: 683px) 100vw, 683px\" \/><\/figure><div class=\"wp-block-media-text__content\">\n<p> <\/p>\n\n\n\n<p><\/p>\n\n\n\n<p>Hallo, <\/p>\n\n\n\n<p>ich bin Dr.-Ing. Stefan Caba, 33 Jahre alt, Ingenieur und wohne in der N\u00e4he von Fulda. <\/p>\n\n\n\n<p>Mein halbes Leben habe ich mich mit Kunststofftechnik und Leichtbau besch\u00e4ftigt. Meine Erfahrungen, die ich sowohl in der Industrie als auch in der Wissenschaft sammeln konnte, m\u00f6chte ich hier mit Euch teilen.<\/p>\n<\/div><\/div>\n<\/div><\/div>\n\n\n\n<p>Es gibt eine Vielzahl von Fortbildungsm\u00f6glichkeiten insbesondere f\u00fcr Softskills wie Projekt- oder Zeitmanagement. In den vergangenen Jahren habe ich jedoch feststellen m\u00fcssen, dass diese Fortbildungen sich h\u00e4ufig \u00e4hneln und sp\u00e4ter in der Firma nicht umsetzbar sind. Was mir stets fehlte waren technische Inhalte. Dazu findet die Fortbildung h\u00e4ufig noch an einem ganz anderen Ort statt. Durch die stressige Arbeit, die w\u00e4hrend des Kurses liegen bleibt, hat man die Inhalte schnell wieder vergessen. Auch ich hatte schon viele solcher Fortbildungen und deshalb beschlossen:<\/p>\n\n\n\n<p>Das m\u00f6chte ich mit <strong><a href=\"https:\/\/atyoucation.com\">atYOUcation<\/a><\/strong> \u00e4ndern!<\/p>\n\n\n\n<p>Hier entscheidest Du, wann und wo Du etwas dazu lernen m\u00f6chtest. Du bekommst hier die M\u00f6glichkeit, Inhalte zu erlernen, die Dir im t\u00e4glichen Berufsleben wirklich weiter helfen. Meine Kurse lassen Dich Probleme l\u00f6sen und statten Dich mit dem Wissen aus, das Du wirklich brauchst &#8211; jederzeit verf\u00fcgbar und sinnvoll zusammengestellt.<\/p>\n\n\n\n<div class=\"wp-block-buttons is-horizontal is-content-justification-center is-layout-flex wp-container-core-buttons-is-layout-1 wp-block-buttons-is-layout-flex\">\n<div class=\"wp-block-button is-style-outline\" id=\"Kursportal\"><a class=\"wp-block-button__link has-black-color has-luminous-vivid-amber-background-color has-text-color has-background\" href=\"https:\/\/elopage.com\/s\/atyoucation\" style=\"border-radius:18px\" rel=\"https:\/\/elopage.com\/s\/atYOUcation\">   Hier geht es direkt zum <strong>atYOUcation Kursportal<\/strong>     <\/a><\/div>\n<\/div>\n\n\n\n<p class=\"has-medium-font-size\">Mein Werdegang<\/p>\n\n\n\n<figure class=\"wp-block-table is-style-stripes\"><table><tbody><tr><td>seit <br>02\/2021<\/td><td>Leiter Innovationsfeld nachhaltige Fahrzeugentwicklung<\/td><td>EDAG Engineering GmbH<\/td><\/tr><tr><td>01\/2021<\/td><td>Promotion zur Prozessoptimierung im RTM-Verfahren<\/td><td>Technische Universit\u00e4t Ilmenau<\/td><\/tr><tr><td>08\/2017-<br>01\/2021<\/td><td>Projektleiter f\u00fcr Leichtbauinnovationen<\/td><td>EDAG Engineering GmbH<\/td><\/tr><tr><td>01\/2016-08\/2017<\/td><td>Arbeitsgruppenleiter Faserverbunde und Leichtbau<\/td><td>Technische Universit\u00e4t Ilmenau<\/td><\/tr><tr><td>04\/2012-08\/2017<\/td><td>wissenschaftl. Mitarbeiter und Doktorand im Bereich Kunststofftechnik<\/td><td>Technische Universit\u00e4t Ilmenau<\/td><\/tr><tr><td>10\/2011-03\/2012<\/td><td>Masterarbeit zu Gusspolyamid in der Wickeltechnik<\/td><td>compoScience GmbH<\/td><\/tr><tr><td>09\/2010-03\/2012<\/td><td>Masterstudium Kunststofftechnik<\/td><td>Hochschule Darmstadt<\/td><\/tr><tr><td>09\/2007-09\/2010<\/td><td>Duales Studium Maschinenbau &#8211; Kunststofftechnik<\/td><td>Woco Industrietechnik GmbH<br>DHBW Mosbach<\/td><\/tr><\/tbody><\/table><\/figure>\n\n\n\n<p><\/p>\n","protected":false},"excerpt":{"rendered":"<p>Hallo, ich bin Dr.-Ing. Stefan Caba, 33 Jahre alt, Ingenieur und wohne in der N\u00e4he von Fulda. Mein halbes Leben habe ich mich mit Kunststofftechnik und Leichtbau besch\u00e4ftigt. Meine Erfahrungen, die ich sowohl in der Industrie als auch in der Wissenschaft sammeln konnte, m\u00f6chte ich hier mit Euch teilen. Es gibt eine Vielzahl von Fortbildungsm\u00f6glichkeiten&hellip;<\/p>\n","protected":false},"author":1,"featured_media":0,"parent":0,"menu_order":0,"comment_status":"closed","ping_status":"closed","template":"","meta":{"footnotes":""},"_links":{"self":[{"href":"https:\/\/atyoucation.com\/index.php?rest_route=\/wp\/v2\/pages\/32"}],"collection":[{"href":"https:\/\/atyoucation.com\/index.php?rest_route=\/wp\/v2\/pages"}],"about":[{"href":"https:\/\/atyoucation.com\/index.php?rest_route=\/wp\/v2\/types\/page"}],"author":[{"embeddable":true,"href":"https:\/\/atyoucation.com\/index.php?rest_route=\/wp\/v2\/users\/1"}],"replies":[{"embeddable":true,"href":"https:\/\/atyoucation.com\/index.php?rest_route=%2Fwp%2Fv2%2Fcomments&post=32"}],"version-history":[{"count":30,"href":"https:\/\/atyoucation.com\/index.php?rest_route=\/wp\/v2\/pages\/32\/revisions"}],"predecessor-version":[{"id":411,"href":"https:\/\/atyoucation.com\/index.php?rest_route=\/wp\/v2\/pages\/32\/revisions\/411"}],"wp:attachment":[{"href":"https:\/\/atyoucation.com\/index.php?rest_route=%2Fwp%2Fv2%2Fmedia&parent=32"}],"curies":[{"name":"wp","href":"https:\/\/api.w.org\/{rel}","templated":true}]}}