{"id":3,"date":"2019-12-08T12:20:22","date_gmt":"2019-12-08T12:20:22","guid":{"rendered":"https:\/\/atyoucation.com\/?page_id=3"},"modified":"2020-09-27T11:36:22","modified_gmt":"2020-09-27T11:36:22","slug":"privacy-policy","status":"publish","type":"page","link":"https:\/\/atyoucation.com\/?page_id=3","title":{"rendered":"Datenschutzerkl\u00e4rung"},"content":{"rendered":"\n<h2 class=\"wp-block-heading\">Wer wir sind:<\/h2>\n\n\n\n<p>Die Adresse unserer Website ist: https:\/\/atyoucation.com.<\/p>\n\n\n\n<p>Als Webseitenbetreiber nehmen wir den Schutz aller pers\u00f6nlichen Daten sehr ernst. Alle personenbezogenen Informationen werden vertraulich und gem\u00e4\u00df den gesetzlichen Vorschriften behandelt, wie in dieser Datenschutzerkl\u00e4rung erl\u00e4utert.<\/p>\n\n\n\n<p>Unserer Webseite kann selbstverst\u00e4ndlich genutzt werden, ohne dass Sie pers\u00f6nliche Daten angeben. Wenn jedoch zu irgendeinem Zeitpunkt pers\u00f6nliche Daten wie z.B. Name, Adresse oder E-Mail abgefragt werden, wird dies auf freiwilliger Basis geschehen. Niemals werden von uns erhobene Daten ohne Ihre spezielle Genehmigung an Dritte weitergegeben.<\/p>\n\n\n\n<p>Daten\u00fcbertragung im Internet, wie zum Beispiel \u00fcber E-Mail, kann immer Sicherheitsl\u00fccken aufweisen. Der komplette Schutz der Daten ist im Internet nicht m\u00f6glich.<\/p>\n\n\n\n<h2 class=\"wp-block-heading\">Welche Daten werden gesammelt und warum?<\/h2>\n\n\n\n<h3 class=\"wp-block-heading\">Kommentare<\/h3>\n\n\n\n<p>Wenn Besucher Kommentare auf der Website schreiben, sammeln wir die Daten, die im Kommentar-Formular angezeigt werden, au\u00dferdem die IP-Adresse des Besuchers und den User-Agent-String (damit wird der Browser identifiziert), um die Erkennung von Spam zu unterst\u00fctzen.<\/p>\n\n\n\n<p>Aus deiner E-Mail-Adresse kann eine anonymisierte Zeichenfolge erstellt (auch Hash genannt) und dem Gravatar-Dienst \u00fcbergeben werden, um zu pr\u00fcfen, ob du diesen benutzt. Die Datenschutzerkl\u00e4rung des Gravatar-Dienstes findest du hier: https:\/\/automattic.com\/privacy\/. Nachdem dein Kommentar freigegeben wurde, ist dein Profilbild \u00f6ffentlich im Kontext deines Kommentars sichtbar.<\/p>\n\n\n\n<h3 class=\"wp-block-heading\">Medien<\/h3>\n\n\n\n<p>Wenn du ein registrierter Benutzer bist und Fotos auf diese Website l\u00e4dst, solltest du vermeiden, Fotos mit einem EXIF-GPS-Standort hochzuladen. Besucher dieser Website k\u00f6nnten Fotos, die auf dieser Website gespeichert sind, herunterladen und deren Standort-Informationen extrahieren.<\/p>\n\n\n\n<h3 class=\"wp-block-heading\">Kontaktformulare<\/h3>\n\n\n\n<p>Kontaktdaten, die uns \u00fcber unser Kontaktformular erreichen, werden inklusive des Inhalts der Anfrage f\u00fcr Bearbeitungszwecke und f\u00fcr m\u00f6gliche Anschlussfragen gespeichert. Diese Daten werden ohne Ihre spezifische Zustimmung nicht weitergegeben.<\/p>\n\n\n\n<h3 class=\"wp-block-heading\">Cookies<\/h3>\n\n\n\n<p>Viele Internetseiten verwenden Cookies. Cookies sind unsch\u00e4dlich f\u00fcr Ihren Rechner und virenfrei. Sie dienen dazu, Internet-Angebote f\u00fcr die Besucher eine Website&nbsp;freundlicher, effektiver und sicherer zu machen. Cookies sind kleine Textdateien, die auf Ihrem Computer abgelegt werden und die Ihr Browser verwendet.<\/p>\n\n\n\n<p>Wir verwenden in der Regel so genannte \u201eSession-Cookies\u201c. Diese werden nach Verlassen unserer Seite automatisch gel\u00f6scht. Andere Cookies bleiben auf Ihrem Computer gespeichert, bis Sie diese l\u00f6schen. Diese Cookies helfen dabei, Ihren Rechner beim n\u00e4chsten Besuch wiederzuerkennen.<\/p>\n\n\n\n<p>\u00dcber die Browsereinstellungen k\u00f6nnen sie festlegen, dass Sie \u00fcber neue Cookies informiert werden und Cookies jeweils annehmen m\u00fcssen. Ebenso k\u00f6nnen Sie die Annahme von Cookies f\u00fcr bestimmte F\u00e4lle oder generell ausschlie\u00dfen oder das automatische L\u00f6schen der Cookies beim Schlie\u00dfen des Browsers aktivieren. Werden Cookies desaktiviert, kann die Funktionalit\u00e4t unserer Website eingeschr\u00e4nkt sein.<\/p>\n\n\n\n<h3 class=\"wp-block-heading\">Von anderen Seiten eingebundene Inhalte<\/h3>\n\n\n\n<p>Beitr\u00e4ge auf dieser Website k\u00f6nnen eingebettete Inhalte beinhalten (z.&nbsp;B. Videos, Bilder, Beitr\u00e4ge etc.). Eingebettete Inhalte von anderen Websites verhalten sich exakt so, als ob der Besucher die andere Website besucht h\u00e4tte.<\/p>\n\n\n\n<p>Diese Websites k\u00f6nnen Daten \u00fcber dich sammeln, Cookies benutzen, zus\u00e4tzliche Tracking-Dienste von Dritten einbetten und deine Interaktion mit diesem eingebetteten Inhalt aufzeichnen, inklusive deiner Interaktion mit dem eingebetteten Inhalt, falls du ein Konto hast und auf dieser Website angemeldet bist.<\/p>\n\n\n\n<h3 class=\"wp-block-heading\">Analytics<\/h3>\n\n\n\n<p>Unsere Website nutzt den Analysedienst Google Analytics, betrieben von Google Inc. 1600 Amphitheatre Parkway Mountain View, CA 94043, USA. Google Analytics nutzt \u201cCookies\u201d, das sind kleine Textdateien, die in Ihrem Browser gespeichert werden und die es erm\u00f6glichen, die Nutzung unserer Website durch die Besucher zu analysieren. Von den Cookies werden Daten \u00fcber Ihre Nutzung unserer Webseite gesammelt, die normalerweise an einen Google-Server in den USA \u00fcbertragen und gespeichert werden.<br>Wenn die IP-Anonymisierung auf unserer Webseite aktiviert wurde, wird Ihre IP-Adresse von Google innerhalb der Mitgliedstaaten der Europ\u00e4ischen Union oder in anderen Vertragsstaaten des Abkommens \u00fcber den Europ\u00e4ischen Wirtschaftsraum vorab gek\u00fcrzt. In seltenen Ausnahmef\u00e4llen kann die komplette IP-Adresse an einen Google Server in den USA \u00fcbertragen werden, dann wird diese dort gek\u00fcrzt. Google nutzt diese Daten in unserem Auftrag, um die Nutzung unserer Website auszuwerten, um Berichte \u00fcber die Webseitenaktivit\u00e4ten zu erstellen sowie um weitere Dienstleistungen anzubieten, die mit der Webseitennutzung und Internetnutzung zusammenh\u00e4ngen. Die von Google Analytics erfassten IP-Adressen werden nicht mit anderen Daten von Google korreliert.<br>Die Speicherung von Cookies kann durch eine spezielle Einstellung in Ihrem Browser verweigert werden. In diesem Fall ist jedoch die Funktionalit\u00e4t unserer Webseite im vollen Umfang nicht gew\u00e4hrleistet. Zus\u00e4tzlich steht ihnen ein Browser-Plugin zu Verf\u00fcgung, mit dem Sie die Sammlung der auf Ihre Nutzung der Website bezogenen erzeugten Daten und IP-Adressen durch Google verhindern k\u00f6nnen. Mehr Informationen dazu finden Sie hier: http:\/\/tools.google.com\/dlpage\/gaoptout?hl=de<\/p>\n\n\n\n<h2 class=\"wp-block-heading\">Mit wem wir Ihre Daten teilen<\/h2>\n\n\n\n<p>Wir teilen aktuell keine personenbezogenen Daten mit anderen.<\/p>\n\n\n\n<h2 class=\"wp-block-heading\">Wie lange wir deine Daten speichern<\/h2>\n\n\n\n<p>Wenn du einen Kommentar schreibst, wird dieser inklusive Metadaten zeitlich unbegrenzt gespeichert. Auf diese Art k\u00f6nnen wir Folgekommentare automatisch erkennen und freigeben, anstatt sie in einer Moderations-Warteschlange festzuhalten.<\/p>\n\n\n\n<p>F\u00fcr Benutzer, die sich auf unserer Website registrieren, speichern wir zus\u00e4tzlich die pers\u00f6nlichen Informationen, die sie in ihren Benutzerprofilen angeben. Alle Benutzer k\u00f6nnen jederzeit ihre pers\u00f6nlichen Informationen einsehen, ver\u00e4ndern oder l\u00f6schen (der Benutzername kann nicht ver\u00e4ndert werden). Administratoren der Website k\u00f6nnen diese Informationen ebenfalls einsehen und ver\u00e4ndern.<\/p>\n\n\n\n<h2 class=\"wp-block-heading\">Welche Rechte du an deinen Daten hast<\/h2>\n\n\n\n<p>Wenn du ein Konto auf dieser Website besitzt oder Kommentare geschrieben hast, kannst du einen Export deiner personenbezogenen Daten bei uns anfordern, inklusive aller Daten, die du uns mitgeteilt hast. Dar\u00fcber hinaus kannst du die L\u00f6schung aller personenbezogenen Daten, die wir von dir gespeichert haben, anfordern. Dies umfasst nicht die Daten, die wir aufgrund administrativer, rechtlicher oder sicherheitsrelevanter Notwendigkeiten aufbewahren m\u00fcssen.<\/p>\n\n\n\n<h2 class=\"wp-block-heading\">Wohin wir deine Daten senden<\/h2>\n\n\n\n<p>Besucher-Kommentare k\u00f6nnten von einem automatisierten Dienst zur Spam-Erkennung untersucht werden.<\/p>\n\n\n\n<h2 class=\"wp-block-heading\">Deine Kontaktinformationen<\/h2>\n\n\n\n<p>F\u00fcr Fragen zum Datenschutz schicken Sie uns bitte eine Nachricht an admin(at)atyoucation.de mit dem Betreff \u201eDatenschutz\u201c.<\/p>\n\n\n\n<h2 class=\"wp-block-heading\">Zus\u00e4tzliche Informationen<\/h2>\n\n\n\n<h3 class=\"wp-block-heading\">Wie wir Deine Daten sch\u00fctzen<\/h3>\n\n\n\n<p>Die Ma\u00dfnahmen zum Datenschutz werden regelm\u00e4\u00dfig \u00fcberpr\u00fcft. <\/p>\n\n\n\n<h3 class=\"wp-block-heading\">Von welchen Drittanbietern wir Daten erhalten<\/h3>\n\n\n\n<p>Aktuelle erhalten wir von keinen Drittanbietern Daten.<\/p>\n\n\n\n<h3 class=\"wp-block-heading\"><\/h3>\n\n\n\n<p><\/p>\n","protected":false},"excerpt":{"rendered":"<p>Wer wir sind: Die Adresse unserer Website ist: https:\/\/atyoucation.com. Als Webseitenbetreiber nehmen wir den Schutz aller pers\u00f6nlichen Daten sehr ernst. Alle personenbezogenen Informationen werden vertraulich und gem\u00e4\u00df den gesetzlichen Vorschriften behandelt, wie in dieser Datenschutzerkl\u00e4rung erl\u00e4utert. Unserer Webseite kann selbstverst\u00e4ndlich genutzt werden, ohne dass Sie pers\u00f6nliche Daten angeben. Wenn jedoch zu irgendeinem Zeitpunkt pers\u00f6nliche Daten&hellip;<\/p>\n","protected":false},"author":1,"featured_media":0,"parent":0,"menu_order":0,"comment_status":"closed","ping_status":"open","template":"","meta":{"footnotes":""},"_links":{"self":[{"href":"https:\/\/atyoucation.com\/index.php?rest_route=\/wp\/v2\/pages\/3"}],"collection":[{"href":"https:\/\/atyoucation.com\/index.php?rest_route=\/wp\/v2\/pages"}],"about":[{"href":"https:\/\/atyoucation.com\/index.php?rest_route=\/wp\/v2\/types\/page"}],"author":[{"embeddable":true,"href":"https:\/\/atyoucation.com\/index.php?rest_route=\/wp\/v2\/users\/1"}],"replies":[{"embeddable":true,"href":"https:\/\/atyoucation.com\/index.php?rest_route=%2Fwp%2Fv2%2Fcomments&post=3"}],"version-history":[{"count":3,"href":"https:\/\/atyoucation.com\/index.php?rest_route=\/wp\/v2\/pages\/3\/revisions"}],"predecessor-version":[{"id":143,"href":"https:\/\/atyoucation.com\/index.php?rest_route=\/wp\/v2\/pages\/3\/revisions\/143"}],"wp:attachment":[{"href":"https:\/\/atyoucation.com\/index.php?rest_route=%2Fwp%2Fv2%2Fmedia&parent=3"}],"curies":[{"name":"wp","href":"https:\/\/api.w.org\/{rel}","templated":true}]}}