{"id":2,"date":"2019-12-08T12:20:22","date_gmt":"2019-12-08T12:20:22","guid":{"rendered":"https:\/\/atyoucation.com\/?page_id=2"},"modified":"2022-09-15T19:45:42","modified_gmt":"2022-09-15T19:45:42","slug":"sample-page","status":"publish","type":"page","link":"https:\/\/atyoucation.com\/?page_id=2","title":{"rendered":"Literatur"},"content":{"rendered":"\n<p class=\"has-text-align-center has-medium-font-size\">Du hast noch nicht genug? Hier findest Du meine Empfehlungen f\u00fcr vertiefte Studien!<\/p>\n\n\n\n<div class=\"wp-block-columns is-layout-flex wp-container-core-columns-is-layout-1 wp-block-columns-is-layout-flex\">\n<div class=\"wp-block-column is-layout-flow wp-block-column-is-layout-flow\">\n<center><a href=\"https:\/\/www.amazon.de\/Menges-Werkstoffkunde-Kunststoffe-Rainer-Dahlmann\/dp\/3446458018\/ref=as_li_ss_il?__mk_de_DE=%C3%85M%C3%85%C5%BD%C3%95%C3%91&amp;crid=WD74CSNA4ZA2&amp;dchild=1&amp;keywords=werkstoffkunde+kunststoff&amp;qid=1601923521&amp;sprefix=Werkstoffkunde+k,stripbooks,173&amp;sr=8-2&amp;linkCode=li3&amp;tag=atyoucation-21&amp;linkId=948a600284997efd2c63555c2e399ac4&amp;language=de_DE\" target=\"_blank\" rel=\"noopener noreferrer\"><img decoding=\"async\" border=\"0\" src=\"\/\/ws-eu.amazon-adsystem.com\/widgets\/q?_encoding=UTF8&amp;ASIN=3446458018&amp;Format=_SL250_&amp;ID=AsinImage&amp;MarketPlace=DE&amp;ServiceVersion=20070822&amp;WS=1&amp;tag=atyoucation-21&amp;language=de_DE\"><\/a><img loading=\"lazy\" decoding=\"async\" src=\"https:\/\/ir-de.amazon-adsystem.com\/e\/ir?t=atyoucation-21&amp;language=de_DE&amp;l=li3&amp;o=3&amp;a=3446458018\" width=\"1\" height=\"1\" border=\"0\" alt=\"\" style=\"border:none !important; margin:0px !important;\"><\/center>\n<\/div>\n\n\n\n<div class=\"wp-block-column is-layout-flow wp-block-column-is-layout-flow\">\n<p>Das Standardwerk zur Werkstoffkunde der Kunststoffe von Georg Menges. Mittlerweile in der 4. Auflage. Hier geht es teilweise stark ins Detail. Dennoch empfehlenswert.<\/p>\n<\/div>\n<\/div>\n\n\n\n<div class=\"wp-block-columns is-layout-flex wp-container-core-columns-is-layout-2 wp-block-columns-is-layout-flex\">\n<div class=\"wp-block-column is-layout-flow wp-block-column-is-layout-flow\">\n<center><a href=\"https:\/\/www.amazon.de\/Konstruieren-mit-Kunststoffen-Gunter-Erhard\/dp\/3446416463\/ref=as_li_ss_il?__mk_de_DE=%C3%85M%C3%85%C5%BD%C3%95%C3%91&amp;dchild=1&amp;keywords=Kunststoff&amp;qid=1601921569&amp;s=books&amp;sr=1-4&amp;linkCode=li3&amp;tag=atyoucation-21&amp;linkId=a04f43506a881be256a708a68f03ac1c&amp;language=de_DE\" target=\"_blank\" rel=\"noopener noreferrer\"><img decoding=\"async\" border=\"0\" src=\"\/\/ws-eu.amazon-adsystem.com\/widgets\/q?_encoding=UTF8&amp;ASIN=3446416463&amp;Format=_SL250_&amp;ID=AsinImage&amp;MarketPlace=DE&amp;ServiceVersion=20070822&amp;WS=1&amp;tag=atyoucation-21&amp;language=de_DE\"><\/a><img loading=\"lazy\" decoding=\"async\" src=\"https:\/\/ir-de.amazon-adsystem.com\/e\/ir?t=atyoucation-21&amp;language=de_DE&amp;l=li3&amp;o=3&amp;a=3446416463\" width=\"1\" height=\"1\" border=\"0\" alt=\"\" style=\"border:none !important; margin:0px !important;\"><\/center>\n<\/div>\n\n\n\n<div class=\"wp-block-column is-layout-flow wp-block-column-is-layout-flow\">\n<p>Konstruieren mit Kunststoffen ist ein echter Klassiker f\u00fcr Kunststofftechniker. Basierend auf einigen Grundlagen geht es an die Konstruktion und Auslegung von Standardelementen.<\/p>\n<\/div>\n<\/div>\n\n\n\n<div class=\"wp-block-columns is-layout-flex wp-container-core-columns-is-layout-3 wp-block-columns-is-layout-flex\">\n<div class=\"wp-block-column is-layout-flow wp-block-column-is-layout-flow\">\n<center><a href=\"https:\/\/www.amazon.de\/Handbuch-Spritzgie%C3%9Fen-Friedrich-Johannaber\/dp\/3446229663\/ref=as_li_ss_il?__mk_de_DE=%C3%85M%C3%85%C5%BD%C3%95%C3%91&amp;dchild=1&amp;keywords=Spritzgie%C3%9F&amp;qid=1601923269&amp;s=books&amp;sr=1-5&amp;linkCode=li3&amp;tag=atyoucation-21&amp;linkId=ef55291d61452e5aa37071d9daf09842&amp;language=de_DE\" target=\"_blank\" rel=\"noopener noreferrer\"><img decoding=\"async\" border=\"0\" src=\"\/\/ws-eu.amazon-adsystem.com\/widgets\/q?_encoding=UTF8&amp;ASIN=3446229663&amp;Format=_SL250_&amp;ID=AsinImage&amp;MarketPlace=DE&amp;ServiceVersion=20070822&amp;WS=1&amp;tag=atyoucation-21&amp;language=de_DE\"><\/a><img loading=\"lazy\" decoding=\"async\" src=\"https:\/\/ir-de.amazon-adsystem.com\/e\/ir?t=atyoucation-21&amp;language=de_DE&amp;l=li3&amp;o=3&amp;a=3446229663\" width=\"1\" height=\"1\" border=\"0\" alt=\"\" style=\"border:none !important; margin:0px !important;\"><\/center>\n<\/div>\n\n\n\n<div class=\"wp-block-column is-layout-flow wp-block-column-is-layout-flow\">\n<p>Das Handbuch Spritzgie\u00dfen ist gar nicht mal so handlich &#8211; fast 1300 Seiten. Daf\u00fcr erhaltet Ihr hier vertiefte Informationen zu allen Verfahrensarten. Wenn Ihr wirklich alles wissen wollt, schlagt hier zu!<\/p>\n<\/div>\n<\/div>\n\n\n\n<div class=\"wp-block-columns is-layout-flex wp-container-core-columns-is-layout-4 wp-block-columns-is-layout-flex\">\n<div class=\"wp-block-column is-layout-flow wp-block-column-is-layout-flow\">\n<center><a href=\"https:\/\/www.amazon.de\/Spritzgie%C3%9Ftechnik-Verarbeitung-Peripherie-Print-Demand\/dp\/3446229213\/ref=as_li_ss_il?__mk_de_DE=%C3%85M%C3%85%C5%BD%C3%95%C3%91&amp;dchild=1&amp;keywords=Siegfried+stitz&amp;qid=1601924149&amp;sr=8-1&amp;linkCode=li3&amp;tag=atyoucation-21&amp;linkId=4cc5f7c663166483825fc8ecad1d289d&amp;language=de_DE\" target=\"_blank\" rel=\"noopener noreferrer\"><img decoding=\"async\" border=\"0\" src=\"\/\/ws-eu.amazon-adsystem.com\/widgets\/q?_encoding=UTF8&amp;ASIN=3446229213&amp;Format=_SL250_&amp;ID=AsinImage&amp;MarketPlace=DE&amp;ServiceVersion=20070822&amp;WS=1&amp;tag=atyoucation-21&amp;language=de_DE\"><\/a><img loading=\"lazy\" decoding=\"async\" src=\"https:\/\/ir-de.amazon-adsystem.com\/e\/ir?t=atyoucation-21&amp;language=de_DE&amp;l=li3&amp;o=3&amp;a=3446229213\" width=\"1\" height=\"1\" border=\"0\" alt=\"\" style=\"border:none !important; margin:0px !important;\"><\/center>\n<\/div>\n\n\n\n<div class=\"wp-block-column is-layout-flow wp-block-column-is-layout-flow\">\n<p>Etwas k\u00fcrzer als das Handbuch Spritzgie\u00dfen, aber nicht schlechter. Siegfried Stitz liefert in diesem umfassenden Werk alles, was der Spritzgie\u00dfer braucht. Ich durfte es direkt in seiner Vorlesung von ihm lernen. <\/p>\n<\/div>\n<\/div>\n\n\n\n<div class=\"wp-block-columns is-layout-flex wp-container-core-columns-is-layout-5 wp-block-columns-is-layout-flex\">\n<div class=\"wp-block-column is-layout-flow wp-block-column-is-layout-flow\">\n<center><a href=\"https:\/\/www.amazon.de\/Rheologie-Kunststoffe-Theorie-Thomas-Schr%C3%B6der\/dp\/3446461515\/ref=as_li_ss_il?__mk_de_DE=%C3%85M%C3%85%C5%BD%C3%95%C3%91&amp;crid=3B05SH3U15FWU&amp;dchild=1&amp;keywords=rheologie+der+kunststoffe&amp;qid=1601924743&amp;sprefix=Rheologie,aps,153&amp;sr=8-1&amp;linkCode=li3&amp;tag=atyoucation-21&amp;linkId=e55c9d688d3fa3c41e34ce8e4c73ccb4&amp;language=de_DE\" target=\"_blank\" rel=\"noopener noreferrer\"><img decoding=\"async\" border=\"0\" src=\"\/\/ws-eu.amazon-adsystem.com\/widgets\/q?_encoding=UTF8&amp;ASIN=3446461515&amp;Format=_SL250_&amp;ID=AsinImage&amp;MarketPlace=DE&amp;ServiceVersion=20070822&amp;WS=1&amp;tag=atyoucation-21&amp;language=de_DE\"><\/a><img loading=\"lazy\" decoding=\"async\" src=\"https:\/\/ir-de.amazon-adsystem.com\/e\/ir?t=atyoucation-21&amp;language=de_DE&amp;l=li3&amp;o=3&amp;a=3446461515\" width=\"1\" height=\"1\" border=\"0\" alt=\"\" style=\"border:none !important; margin:0px !important;\"><\/center>\n<\/div>\n\n\n\n<div class=\"wp-block-column is-layout-flow wp-block-column-is-layout-flow\">\n<p>Die Rheologie ist die Wissenschaft vom Flie\u00dfen der Stoffe. Thomas Schr\u00f6der bereitet dieses Thema sehr anschaulich auf. Ich hatte selbst das Gl\u00fcck seine Vorlesung zu besuchen. Die gleichen Inhalte findet Ihr in diesem Buch<\/p>\n<\/div>\n<\/div>\n\n\n\n<div class=\"wp-block-columns is-layout-flex wp-container-core-columns-is-layout-6 wp-block-columns-is-layout-flex\">\n<div class=\"wp-block-column is-layout-flow wp-block-column-is-layout-flow\">\n<center><a href=\"https:\/\/www.amazon.de\/Spritzgie%C3%9Fwerkzeuge-Auslegung-Anwendung-Christian-Hopmann\/dp\/3446451927\/ref=as_li_ss_il?__mk_de_DE=%C3%85M%C3%85%C5%BD%C3%95%C3%91&amp;dchild=1&amp;keywords=spritzgie%C3%9Fwerkzeuge&amp;qid=1601924166&amp;sr=8-1&amp;linkCode=li3&amp;tag=atyoucation-21&amp;linkId=9bd626f9a547b960c2a89c8c30e01c35&amp;language=de_DE\" target=\"_blank\" rel=\"noopener noreferrer\"><img decoding=\"async\" border=\"0\" src=\"\/\/ws-eu.amazon-adsystem.com\/widgets\/q?_encoding=UTF8&amp;ASIN=3446451927&amp;Format=_SL250_&amp;ID=AsinImage&amp;MarketPlace=DE&amp;ServiceVersion=20070822&amp;WS=1&amp;tag=atyoucation-21&amp;language=de_DE\"><\/a><img loading=\"lazy\" decoding=\"async\" src=\"https:\/\/ir-de.amazon-adsystem.com\/e\/ir?t=atyoucation-21&amp;language=de_DE&amp;l=li3&amp;o=3&amp;a=3446451927\" width=\"1\" height=\"1\" border=\"0\" alt=\"\" style=\"border:none !important; margin:0px !important;\"><\/center>\n<\/div>\n\n\n\n<div class=\"wp-block-column is-layout-flow wp-block-column-is-layout-flow\">\n<p>Spritzgie\u00dfwerkzeuge sind \u00e4u\u00dferst komplizierte Konstrukte. Es gibt etliche Unterarten und Konstruktionselemente. Dazu behandelt das Buch die thermische und mechanische Auslegung und liefert Ans\u00e4tze zur Kostenbetrachtung. Bei dieser Autorenauswahl kann wenig schief gehen.<\/p>\n<\/div>\n<\/div>\n\n\n\n<p class=\"has-text-align-center has-medium-font-size\">Du hast keine Zeit, all diese B\u00fccher zu lesen? <\/p>\n\n\n\n<p class=\"has-text-align-center has-medium-font-size\">Alles, was Du wirklich wissen musst, erkl\u00e4re ich Dir in meinen Kursen!<\/p>\n\n\n\n<div class=\"wp-block-buttons is-horizontal is-content-justification-center is-layout-flex wp-container-core-buttons-is-layout-1 wp-block-buttons-is-layout-flex\">\n<div class=\"wp-block-button is-style-outline\" id=\"Kursportal\"><a class=\"wp-block-button__link has-black-color has-luminous-vivid-amber-background-color has-text-color has-background\" href=\"https:\/\/elopage.com\/s\/atyoucation\" style=\"border-radius:18px\" rel=\"https:\/\/elopage.com\/s\/atYOUcation\">   Hier geht es zum <strong>atYOUcation <\/strong>Kursportal     <\/a><\/div>\n<\/div>\n","protected":false},"excerpt":{"rendered":"<p>Du hast noch nicht genug? Hier findest Du meine Empfehlungen f\u00fcr vertiefte Studien! Das Standardwerk zur Werkstoffkunde der Kunststoffe von Georg Menges. Mittlerweile in der 4. Auflage. Hier geht es teilweise stark ins Detail. Dennoch empfehlenswert. Konstruieren mit Kunststoffen ist ein echter Klassiker f\u00fcr Kunststofftechniker. Basierend auf einigen Grundlagen geht es an die Konstruktion und&hellip;<\/p>\n","protected":false},"author":1,"featured_media":0,"parent":0,"menu_order":0,"comment_status":"closed","ping_status":"open","template":"","meta":{"footnotes":""},"_links":{"self":[{"href":"https:\/\/atyoucation.com\/index.php?rest_route=\/wp\/v2\/pages\/2"}],"collection":[{"href":"https:\/\/atyoucation.com\/index.php?rest_route=\/wp\/v2\/pages"}],"about":[{"href":"https:\/\/atyoucation.com\/index.php?rest_route=\/wp\/v2\/types\/page"}],"author":[{"embeddable":true,"href":"https:\/\/atyoucation.com\/index.php?rest_route=\/wp\/v2\/users\/1"}],"replies":[{"embeddable":true,"href":"https:\/\/atyoucation.com\/index.php?rest_route=%2Fwp%2Fv2%2Fcomments&post=2"}],"version-history":[{"count":20,"href":"https:\/\/atyoucation.com\/index.php?rest_route=\/wp\/v2\/pages\/2\/revisions"}],"predecessor-version":[{"id":412,"href":"https:\/\/atyoucation.com\/index.php?rest_route=\/wp\/v2\/pages\/2\/revisions\/412"}],"wp:attachment":[{"href":"https:\/\/atyoucation.com\/index.php?rest_route=%2Fwp%2Fv2%2Fmedia&parent=2"}],"curies":[{"name":"wp","href":"https:\/\/api.w.org\/{rel}","templated":true}]}}